{"id":2215,"date":"2024-04-29T11:59:13","date_gmt":"2024-04-29T11:59:13","guid":{"rendered":"https:\/\/www.digitlab.kth.se\/?page_id=2215"},"modified":"2026-01-26T15:44:33","modified_gmt":"2026-01-26T13:44:33","slug":"diggin-discussions","status":"publish","type":"page","link":"https:\/\/www.digitlab.kth.se\/sv\/knowledge-hub\/diggin-discussions\/","title":{"rendered":"Diggin Discussions"},"content":{"rendered":"<div class=\"wp-block-columns alignwide is-layout-flex wp-container-core-columns-is-layout-6964ed94 wp-block-columns-is-layout-flex\" style=\"padding-right:0;padding-left:0\">\n<div class=\"wp-block-column is-layout-flow wp-block-column-is-layout-flow\" style=\"padding-right:0;padding-left:0\">\n<div class=\"wp-block-columns is-layout-flex wp-container-core-columns-is-layout-28f84493 wp-block-columns-is-layout-flex\">\n<div class=\"wp-block-column is-layout-flow wp-block-column-is-layout-flow\" style=\"flex-basis:80%\">\n<p class=\"has-large-font-size\">Dig-IT Lab arrangerar regelbundet diskussioner med sina partner, med \u00e4mnen som str\u00e4cker sig fr\u00e5n forskningsresultat till gemensamma utmaningar kring digitalisering och h\u00e5llbarhet i den byggda milj\u00f6n. \u201dDiggin Discussions\u201d av allm\u00e4nt intresse kommer att finnas tillg\u00e4ngliga h\u00e4r.<\/p>\n\n\n\n<p>See also our <a href=\"https:\/\/www.digitlab.kth.se\/knowledge-hub\/open-lectures\/\" data-type=\"page\" data-id=\"3064\">open lectures<\/a><\/p>\n<\/div>\n\n\n\n<div class=\"wp-block-column is-layout-flow wp-block-column-is-layout-flow\" style=\"flex-basis:20%\"><\/div>\n<\/div>\n\n\n\n<div style=\"height:15px\" aria-hidden=\"true\" class=\"wp-block-spacer\"><\/div>\n\n\n\n\n\n<div class=\"wp-block-columns alignwide has-accent-5-background-color has-background is-layout-flex wp-container-core-columns-is-layout-65e523f9 wp-block-columns-is-layout-flex\">\n<div class=\"wp-block-column is-layout-flow wp-block-column-is-layout-flow\">\n<h3 class=\"wp-block-heading\">Talk with Shoaib Azizi, KTH: <br>Diggin Discussion on a Life Cycle Perspective on ICT Solutions in Buildings<\/h3>\n\n\n\n<p>2025-11-24<\/p>\n\n\n\n<p><strong>F\u00f6rel\u00e4sare: <\/strong>Shoaib Azizi, researcher working with lifecycle assessment methodology at KTH (SEED).  <\/p>\n\n\n\n<p>In buildings, ICT-based digitalisation such as building monitoring systems (BMS) is often presumed beneficial, yet few studies assess their life cycle impacts. This project applies life cycle assessment (LCA) to Swedish case study buildings with BMS. The findings highlight that net benefits of ICT depend on system design, context, and enabling effects, with overused sensors reducing gains and smart controls or behavioral change enhancing them, underscoring the need for life cycle thinking to guide environmental performance improvements.<\/p>\n\n\n\n<p>Shoaib Azizi is a researcher and engineer with industrial experience from large-scale refrigeration, heat pumps, and solar pumps. He completed his PhD at Ume\u00e5 University on digital tools for building management and energy efficiency and now works at KTH (SEED), focusing on lifecycle assessment methodology and the environmental impacts of digitalization.<\/p>\n<\/div>\n\n\n\n<div class=\"wp-block-column is-layout-flow wp-block-column-is-layout-flow\">\n<iframe loading=\"lazy\" id=\"kmsembed-0_xqrzcja2\" width=\"600\" height=\"366\" src=\"https:\/\/play.kth.se\/embed\/secure\/iframe\/entryId\/0_xqrzcja2\/uiConfId\/23453971\/st\/0\" class=\"kmsembed\" allowfullscreen webkitallowfullscreen mozallowfullscreen allow=\"autoplay *; fullscreen *; encrypted-media *\" referrerpolicy=\"no-referrer-when-downgrade\" sandbox=\"allow-downloads allow-forms allow-same-origin allow-scripts allow-top-navigation allow-pointer-lock allow-popups allow-modals allow-orientation-lock allow-popups-to-escape-sandbox allow-presentation allow-top-navigation-by-user-activation\" frameborder=\"0\" title=\"Diggin Discussion on a Life Cycle Perspective on ICT Solutions in Buildings with Shoaib Azizi from KTH - only presentation\"><\/iframe>\n\n\n\n<p>Spr\u00e5k: engelska<\/p>\n<\/div>\n<\/div>\n\n\n\n<div class=\"wp-block-columns has-accent-5-background-color has-background is-layout-flex wp-container-core-columns-is-layout-65e523f9 wp-block-columns-is-layout-flex\">\n<div class=\"wp-block-column is-layout-flow wp-block-column-is-layout-flow\" style=\"padding-right:0;padding-left:0\">\n<h3 class=\"wp-block-heading\">Fr\u00e5n isolering till samverkan \u2013 mot ett ekosystem i fastighetsbranschen<\/h3>\n\n\n\n<p>2025-04-25<\/p>\n\n\n\n<p><strong>F\u00f6rel\u00e4sare: <\/strong>Tobias Davidsson, Akademiska Hus<\/p>\n\n\n\n<p>Lyssna p\u00e5 Tobias Davidsson fr\u00e5n Akademiska Hus n\u00e4r han diskuterar ett m\u00f6jligt skifte fr\u00e5n isolerade och oberoende arbetss\u00e4tt inom fastighetsbranschen till ett mer integrerat, samarbetsinriktat och teknikdrivet ekosystem.<\/p>\n\n\n\n<p>Ett ekosystemperspektiv ser fastighetsbranschen som ett n\u00e4tverk av sammanl\u00e4nkade akt\u00f6rer, plattformar och datak\u00e4llor som samarbetar f\u00f6r att optimera processer, f\u00f6rb\u00e4ttra anv\u00e4ndarupplevelsen och skapa en mer h\u00e5llbar, transparent och effektiv milj\u00f6. L\u00e4ttare sagt \u00e4n gjort \u2013 Akademiska Hus ber\u00e4ttar hur deras arbete lett dem till att utv\u00e4rdera referensbeteckningar, ontologier och data-som-produkt i sin str\u00e4van att m\u00f6ta behov b\u00e5de i vertikal integration inom f\u00f6retaget och horisontell integration genom hela v\u00e4rdekedjan.<\/p>\n\n\n\n<p>Ladda ner presentationsbilder h\u00e4r (eng): <\/p>\n\n\n\n<div class=\"wp-block-file\"><a id=\"wp-block-file--media-2b9fd024-3409-4b9c-a7c3-262e14ab1dd4\" href=\"\/wp-content\/uploads\/sites\/21\/2025\/04\/AH_DIL_REE.pdf\" target=\"_blank\" rel=\"noreferrer noopener\">Real Estate Ecosystem<\/a><a href=\"\/wp-content\/uploads\/sites\/21\/2025\/04\/AH_DIL_REE.pdf\" class=\"wp-block-file__button wp-element-button\" download aria-describedby=\"wp-block-file--media-2b9fd024-3409-4b9c-a7c3-262e14ab1dd4\">Download<\/a><\/div>\n<\/div>\n\n\n\n<div class=\"wp-block-column is-layout-flow wp-block-column-is-layout-flow\">\n<iframe loading=\"lazy\" id=\"kmsembed-0_3odm2joa\" width=\"600\" height=\"366\" src=\"https:\/\/play.kth.se\/embed\/secure\/iframe\/entryId\/0_3odm2joa\/uiConfId\/23453971\/st\/0\" class=\"kmsembed\" allowfullscreen webkitallowfullscreen mozallowfullscreen allow=\"autoplay *; fullscreen *; encrypted-media *\" referrerpolicy=\"no-referrer-when-downgrade\" sandbox=\"allow-downloads allow-forms allow-same-origin allow-scripts allow-top-navigation allow-pointer-lock allow-popups allow-modals allow-orientation-lock allow-popups-to-escape-sandbox allow-presentation allow-top-navigation-by-user-activation\" frameborder=\"0\" title=\"Tobias Davidsson from akademiska Hus on A shift from isolation towards a real estate ecosystem\"><\/iframe>\n\n\n\n<p>Spr\u00e5k: engelska<\/p>\n<\/div>\n<\/div>\n\n\n\n<div class=\"wp-block-columns has-accent-5-background-color has-background is-layout-flex wp-container-core-columns-is-layout-65e523f9 wp-block-columns-is-layout-flex\">\n<div class=\"wp-block-column is-layout-flow wp-block-column-is-layout-flow\" style=\"padding-right:0;padding-left:0\">\n<h3 class=\"wp-block-heading\">White box digital twins<\/h3>\n\n\n\n<p>2024-04-11<\/p>\n\n\n\n<p><strong>F\u00f6rel\u00e4sare: <\/strong>Marco Molinari, Director KTH Live-In Lab<\/p>\n\n\n\n<p>En kort introduktion till begreppen digitala modeller, digitala skuggor och digitala tvillingar. Marco Molinari illustrerar till\u00e4mpningar av digitala tvillingar f\u00f6r fels\u00f6kning och maskininl\u00e4rning i byggnader, och lyfter fram aktuella utmaningar och m\u00f6jligheter med white box-digitala tvillingar inom byggsektorn. <em>&nbsp;<\/em><\/p>\n\n\n\n<p>Ladda ner presentationsbilder h\u00e4r (eng): <\/p>\n\n\n\n<div class=\"wp-block-file\"><a id=\"wp-block-file--media-5b0f5299-7d8b-45be-ae1c-776f96b3763a\" href=\"\/wp-content\/uploads\/sites\/21\/2024\/05\/240410-Marco-Diggin-discussions-white-box-digital-twins.pdf\" target=\"_blank\" rel=\"noreferrer noopener\">240410-Marco-Diggin-discussions-white-box-digital-twins<\/a><a href=\"\/wp-content\/uploads\/sites\/21\/2024\/05\/240410-Marco-Diggin-discussions-white-box-digital-twins.pdf\" class=\"wp-block-file__button wp-element-button\" download aria-describedby=\"wp-block-file--media-5b0f5299-7d8b-45be-ae1c-776f96b3763a\">Download<\/a><\/div>\n<\/div>\n\n\n\n<div class=\"wp-block-column is-layout-flow wp-block-column-is-layout-flow\">\n<figure class=\"wp-block-video\"><video controls src=\"https:\/\/d38ynedpfya4s8.cloudfront.net\/p\/308\/sp\/30800\/playManifest\/entryId\/0_zs5dcbux\/format\/download\/protocol\/https\/flavorParamIds\/600\/video.mp4\"><\/video><\/figure>\n\n\n\n<p>Spr\u00e5k: engelska<\/p>\n<\/div>\n<\/div>\n<\/div>\n<\/div>\n\n\n\n<p><\/p>","protected":false},"excerpt":{"rendered":"<p>Dig-IT lab regularly organises discussions with its partners, with topics spanning from research results to common challenges regarding digititalisation and sustainability in the built environment. The \u201dDiggin Discussions\u201d that are [&hellip;]<\/p>","protected":false},"author":7,"featured_media":0,"parent":3000,"menu_order":0,"comment_status":"closed","ping_status":"closed","template":"","meta":{"_EventAllDay":false,"_EventTimezone":"","_EventStartDate":"","_EventEndDate":"","_EventStartDateUTC":"","_EventEndDateUTC":"","_EventShowMap":false,"_EventShowMapLink":false,"_EventURL":"","_EventCost":"","_EventCostDescription":"","_EventCurrencySymbol":"","_EventCurrencyCode":"","_EventCurrencyPosition":"","_EventDateTimeSeparator":"","_EventTimeRangeSeparator":"","_EventOrganizerID":[],"_EventVenueID":[],"_OrganizerEmail":"","_OrganizerPhone":"","_OrganizerWebsite":"","_VenueAddress":"","_VenueCity":"","_VenueCountry":"","_VenueProvince":"","_VenueState":"","_VenueZip":"","_VenuePhone":"","_VenueURL":"","_VenueStateProvince":"","_VenueLat":"","_VenueLng":"","_VenueShowMap":false,"_VenueShowMapLink":false,"footnotes":""},"class_list":["post-2215","page","type-page","status-publish","hentry"],"_links":{"self":[{"href":"https:\/\/www.digitlab.kth.se\/sv\/wp-json\/wp\/v2\/pages\/2215","targetHints":{"allow":["GET"]}}],"collection":[{"href":"https:\/\/www.digitlab.kth.se\/sv\/wp-json\/wp\/v2\/pages"}],"about":[{"href":"https:\/\/www.digitlab.kth.se\/sv\/wp-json\/wp\/v2\/types\/page"}],"author":[{"embeddable":true,"href":"https:\/\/www.digitlab.kth.se\/sv\/wp-json\/wp\/v2\/users\/7"}],"replies":[{"embeddable":true,"href":"https:\/\/www.digitlab.kth.se\/sv\/wp-json\/wp\/v2\/comments?post=2215"}],"version-history":[{"count":87,"href":"https:\/\/www.digitlab.kth.se\/sv\/wp-json\/wp\/v2\/pages\/2215\/revisions"}],"predecessor-version":[{"id":5259,"href":"https:\/\/www.digitlab.kth.se\/sv\/wp-json\/wp\/v2\/pages\/2215\/revisions\/5259"}],"up":[{"embeddable":true,"href":"https:\/\/www.digitlab.kth.se\/sv\/wp-json\/wp\/v2\/pages\/3000"}],"wp:attachment":[{"href":"https:\/\/www.digitlab.kth.se\/sv\/wp-json\/wp\/v2\/media?parent=2215"}],"curies":[{"name":"wp","href":"https:\/\/api.w.org\/{rel}","templated":true}]}}