{"id":3000,"date":"2024-10-14T09:15:51","date_gmt":"2024-10-14T09:15:51","guid":{"rendered":"https:\/\/www.digitlab.kth.se\/?page_id=3000"},"modified":"2025-05-02T09:45:01","modified_gmt":"2025-05-02T09:45:01","slug":"knowledge-hub","status":"publish","type":"page","link":"https:\/\/www.digitlab.kth.se\/sv\/knowledge-hub\/","title":{"rendered":"Dig-IT Lab kunskapsbank"},"content":{"rendered":"<div class=\"wp-block-columns alignfull has-contrast-color has-accent-2-background-color has-text-color has-background has-link-color wp-elements-18fdc05684e0734f8a43b20ad8e8be05 is-layout-flex wp-container-core-columns-is-layout-5388246e wp-block-columns-is-layout-flex\" style=\"border-style:none;border-width:0px;border-radius:0px;margin-top:0;margin-bottom:0;padding-top:var(--wp--preset--spacing--10);padding-right:var(--wp--preset--spacing--50);padding-bottom:var(--wp--preset--spacing--10);padding-left:var(--wp--preset--spacing--50)\">\n<div class=\"wp-block-column has-global-padding is-content-justification-center is-layout-constrained wp-container-core-column-is-layout-fbd41b22 wp-block-column-is-layout-constrained\" style=\"padding-top:var(--wp--preset--spacing--10);padding-right:var(--wp--preset--spacing--10);padding-bottom:var(--wp--preset--spacing--10);padding-left:var(--wp--preset--spacing--10);flex-basis:40%\">\n<figure class=\"wp-block-image alignwide size-full has-custom-border\"><img loading=\"lazy\" decoding=\"async\" width=\"1209\" height=\"1000\" src=\"\/wp-content\/uploads\/sites\/21\/2024\/04\/digit_builds-klossar-580.png\" alt=\"\" class=\"wp-image-1824\" style=\"border-style:none;border-width:0px\" srcset=\"\/wp-content\/uploads\/sites\/21\/2024\/04\/digit_builds-klossar-580.png 1209w, \/wp-content\/uploads\/sites\/21\/2024\/04\/digit_builds-klossar-580-300x248.png 300w, \/wp-content\/uploads\/sites\/21\/2024\/04\/digit_builds-klossar-580-1024x847.png 1024w, \/wp-content\/uploads\/sites\/21\/2024\/04\/digit_builds-klossar-580-768x635.png 768w\" sizes=\"auto, (max-width: 1209px) 100vw, 1209px\" \/><\/figure>\n<\/div>\n\n\n\n<div class=\"wp-block-column is-vertically-aligned-center is-layout-flow wp-container-core-column-is-layout-aaccd4f0 wp-block-column-is-layout-flow\" style=\"padding-top:var(--wp--preset--spacing--40);padding-bottom:var(--wp--preset--spacing--40)\">\n<p class=\"has-accent-color has-text-color has-link-color has-x-large-font-size wp-elements-178edba38f1935151b4c6a04c827bd99\">V\u00e4lkommen till Dig-IT Labs kunskapsbank.\nH\u00e4r hittar du insikter, resultat och innovationer som v\u00e4xer fram ur v\u00e5r forskning och v\u00e5ra samarbeten.<\/p>\n<\/div>\n<\/div>\n\n\n\n<div style=\"height:20px\" aria-hidden=\"true\" class=\"wp-block-spacer\"><\/div>\n\n\n\n<div class=\"wp-block-columns alignwide is-layout-flex wp-container-core-columns-is-layout-7fc3d43a wp-block-columns-is-layout-flex\">\n<div class=\"wp-block-column is-layout-flow wp-block-column-is-layout-flow\">\n<h2 class=\"wp-block-heading is-style-default\">V\u00e5ra arbetss\u00e4tt<\/h2>\n\n\n\n<p style=\"font-size:clamp(0.984em, 0.984rem + ((1vw - 0.2em) * 0.86), 1.5em);\">Vi arbetar f\u00f6r att f\u00f6rverkliga digitaliseringens potential genom mer h\u00e5llbara och resurseffektiva byggnader. Vi tror p\u00e5 samarbeten och ett tv\u00e4rvetenskapligt arbetss\u00e4tt.<\/p>\n\n\n\n<h4 class=\"wp-block-heading\"><strong>Samarbete mellan industri och akademi<\/strong><\/h4>\n\n\n\n<p>Vi fr\u00e4mjar starka partnerskap mellan akademin och ledande akt\u00f6rer inom industrin f\u00f6r att s\u00e4kerst\u00e4lla att v\u00e5r forskning \u00e4r relevant, till\u00e4mpbar och f\u00e5r verklig p\u00e5verkan.<\/p>\n\n\n\n<hr class=\"wp-block-separator has-text-color has-alpha-channel-opacity has-background is-style-wide\" style=\"background-color:#b0b0b0;color:#b0b0b0\"\/>\n\n\n\n<h4 class=\"wp-block-heading\"><strong>Tv\u00e4rvetenskaplig forskning<\/strong><\/h4>\n\n\n\n<p>V\u00e5ra forskarteam samlar expertis fr\u00e5n olika omr\u00e5den, inklusive byggteknik, energiteknik, datavetenskap, dataanalys, f\u00f6retagsekonomi, etik och juridik. Detta g\u00f6r det m\u00f6jligt f\u00f6r oss att hantera komplexa utmaningar ur flera perspektiv.<\/p>\n\n\n\n<hr class=\"wp-block-separator has-text-color has-alpha-channel-opacity has-background is-style-wide\" style=\"background-color:#b0b0b0;color:#b0b0b0\"\/>\n\n\n\n<h4 class=\"wp-block-heading\"><strong>Kunskapsspridning<\/strong><\/h4>\n\n\n\n<p>V\u00e5r m\u00e5ls\u00e4ttning \u00e4r att dela v\u00e5ra resultat och insikter med en st\u00f6rre publik genom publikationer, workshops, konferenser, utbildningsprogram.<\/p>\n<\/div>\n\n\n\n<div class=\"wp-block-column is-layout-flow wp-block-column-is-layout-flow\">\n<h2 class=\"wp-block-heading\">Nyttja v\u00e5ra resurser<\/h2>\n\n\n\n<p>F\u00f6lj med p\u00e5 resan mot en mer h\u00e5llbar och digitalt driven framtid f\u00f6r den byggda milj\u00f6n. Utforska v\u00e5r kunskapshubb, ta kontakt med v\u00e5rt team. L\u00e5t oss tillsammans frig\u00f6ra potentialen i digitalisering f\u00f6r en b\u00e4ttre morgondag.<\/p>\n\n\n\n<h4 class=\"wp-block-heading\"><strong>Dig-IT Lab publikationer (eng)<\/strong><\/h4>\n\n\n\n<p>Pedagogiska artiklar och riktad kommunikation. Popul\u00e4rvetenskaplig information f\u00f6r en bredare publik.<\/p>\n\n\n\n<p><strong><a href=\"https:\/\/www.digitlab.kth.se\/dig-it-lab-publications\/\" data-type=\"page\" data-id=\"2900\">Dig-IT Lab publikationer (eng)<\/a><\/strong><\/p>\n\n\n\n<hr class=\"wp-block-separator has-text-color has-alpha-channel-opacity has-background is-style-wide\" style=\"background-color:#b0b0b0;color:#b0b0b0\"\/>\n\n\n\n<h4 class=\"wp-block-heading\"><strong>\u00d6ppna f\u00f6rel\u00e4sningar och Diggin Discussions<\/strong><\/h4>\n\n\n\n<p>V\u00e5ra \u00f6ppna f\u00f6rel\u00e4sningar ger tillg\u00e4nglig kunskap inom aktuella, industrirelevanta \u00e4mnen.<\/p>\n\n\n\n<p><strong><a href=\"https:\/\/www.digitlab.kth.se\/knowledge-hub\/open-lectures\/\" data-type=\"page\" data-id=\"3064\">\u00d6ppna f\u00f6rel\u00e4sningar<\/a><\/strong><\/p>\n\n\n\n<p>Dig-IT Lab arrangerar diskussioner med sina partner, med \u00e4mnen som str\u00e4cker sig fr\u00e5n forskningsresultat till gemensamma utmaningar kring digitalisering och h\u00e5llbarhet i den byggda milj\u00f6n.<\/p>\n\n\n\n<p><a href=\"https:\/\/www.digitlab.kth.se\/knowledge-hub\/diggin-discussions\/\" data-type=\"page\" data-id=\"2215\"><strong>Diggin Discussions<\/strong><\/a><\/p>\n\n\n\n<hr class=\"wp-block-separator has-text-color has-alpha-channel-opacity has-background is-style-wide\" style=\"background-color:#b0b0b0;color:#b0b0b0\"\/>\n\n\n\n<h4 class=\"wp-block-heading\"><strong>Fallstudier<\/strong><\/h4>\n\n\n\n<p>L\u00e4r dig av verkliga exempel p\u00e5 hur Dig-IT Labs partners implementerar digitala l\u00f6sningar f\u00f6r att m\u00f6ta utmaningar kopplade till h\u00e5llbarhet och effektivitet. (kommer snart)<\/p>\n\n\n\n<hr class=\"wp-block-separator has-text-color has-alpha-channel-opacity has-background is-style-wide\" style=\"background-color:#b0b0b0;color:#b0b0b0\"\/>\n\n\n\n<h4 class=\"wp-block-heading\"><strong>Data<\/strong><\/h4>\n\n\n\n<p>Utforska offline-dataset (kommer snart).<\/p>\n<\/div>\n<\/div>\n\n\n\n<p><\/p>","protected":false},"excerpt":{"rendered":"<p>Welcome to the Dig-IT Lab Knowledge Hub. The Hub serves as a central resource for sharing insights, findings, and innovations that emerge from our research and collaborative efforts. Our Approaches [&hellip;]<\/p>","protected":false},"author":7,"featured_media":0,"parent":0,"menu_order":0,"comment_status":"closed","ping_status":"closed","template":"","meta":{"_EventAllDay":false,"_EventTimezone":"","_EventStartDate":"","_EventEndDate":"","_EventStartDateUTC":"","_EventEndDateUTC":"","_EventShowMap":false,"_EventShowMapLink":false,"_EventURL":"","_EventCost":"","_EventCostDescription":"","_EventCurrencySymbol":"","_EventCurrencyCode":"","_EventCurrencyPosition":"","_EventDateTimeSeparator":"","_EventTimeRangeSeparator":"","_EventOrganizerID":[],"_EventVenueID":[],"_OrganizerEmail":"","_OrganizerPhone":"","_OrganizerWebsite":"","_VenueAddress":"","_VenueCity":"","_VenueCountry":"","_VenueProvince":"","_VenueState":"","_VenueZip":"","_VenuePhone":"","_VenueURL":"","_VenueStateProvince":"","_VenueLat":"","_VenueLng":"","_VenueShowMap":false,"_VenueShowMapLink":false,"footnotes":""},"class_list":["post-3000","page","type-page","status-publish","hentry"],"_links":{"self":[{"href":"https:\/\/www.digitlab.kth.se\/sv\/wp-json\/wp\/v2\/pages\/3000","targetHints":{"allow":["GET"]}}],"collection":[{"href":"https:\/\/www.digitlab.kth.se\/sv\/wp-json\/wp\/v2\/pages"}],"about":[{"href":"https:\/\/www.digitlab.kth.se\/sv\/wp-json\/wp\/v2\/types\/page"}],"author":[{"embeddable":true,"href":"https:\/\/www.digitlab.kth.se\/sv\/wp-json\/wp\/v2\/users\/7"}],"replies":[{"embeddable":true,"href":"https:\/\/www.digitlab.kth.se\/sv\/wp-json\/wp\/v2\/comments?post=3000"}],"version-history":[{"count":59,"href":"https:\/\/www.digitlab.kth.se\/sv\/wp-json\/wp\/v2\/pages\/3000\/revisions"}],"predecessor-version":[{"id":4802,"href":"https:\/\/www.digitlab.kth.se\/sv\/wp-json\/wp\/v2\/pages\/3000\/revisions\/4802"}],"wp:attachment":[{"href":"https:\/\/www.digitlab.kth.se\/sv\/wp-json\/wp\/v2\/media?parent=3000"}],"curies":[{"name":"wp","href":"https:\/\/api.w.org\/{rel}","templated":true}]}}