{"id":3064,"date":"2024-10-28T09:37:24","date_gmt":"2024-10-28T09:37:24","guid":{"rendered":"https:\/\/www.digitlab.kth.se\/?page_id=3064"},"modified":"2025-12-11T16:49:11","modified_gmt":"2025-12-11T14:49:11","slug":"open-lectures","status":"publish","type":"page","link":"https:\/\/www.digitlab.kth.se\/sv\/knowledge-hub\/open-lectures\/","title":{"rendered":"\u00d6ppna f\u00f6rel\u00e4sningar"},"content":{"rendered":"<div style=\"height:30px\" aria-hidden=\"true\" class=\"wp-block-spacer\"><\/div>\n\n\n\n<div class=\"wp-block-columns alignwide is-layout-flex wp-container-core-columns-is-layout-28f84493 wp-block-columns-is-layout-flex\">\n<div class=\"wp-block-column is-layout-flow wp-block-column-is-layout-flow\">\n<p class=\"has-large-font-size\">V\u00e5ra \u00f6ppna f\u00f6rel\u00e4sningar ger tillg\u00e4nglig kunskap inom aktuella, industrirelevanta \u00e4mnen.<\/p>\n\n\n\n<p>See also our <a href=\"https:\/\/www.digitlab.kth.se\/knowledge-hub\/diggin-discussions\/\" data-type=\"page\" data-id=\"2215\">Diggin Discussions<\/a>, a series of discussions with our partners on current topics.<\/p>\n<\/div>\n<\/div>\n\n\n\n<div class=\"wp-block-columns alignwide has-accent-5-background-color has-background is-layout-flex wp-container-core-columns-is-layout-65e523f9 wp-block-columns-is-layout-flex\">\n<div class=\"wp-block-column is-layout-flow wp-block-column-is-layout-flow\">\n<h4 class=\"wp-block-heading\">F\u00f6rel\u00e4sning med professor Torben Bach Pedersen: Integrering av smarta byggnader och smarta eln\u00e4t med hj\u00e4lp av \u201ddomOS Common Ontology\u201d<\/h4>\n\n\n\n<p>2025-03-24<\/p>\n\n\n\n<p>B\u00e5de smarta byggnader och smarta eln\u00e4t har som  m\u00e5l att optimera sina funktioner \u2013 exempelvis genom flexibel energianv\u00e4ndning. De har dock sv\u00e5rt att samarbeta eftersom de saknar ett gemensamt spr\u00e5k f\u00f6r att kommunicera mellan sina olika v\u00e4rldar.<\/p>\n\n\n\n<p>Denna f\u00f6rel\u00e4sning beskriver hur Horizon 2020-projektet domOS: Operativsystem f\u00f6r smarta byggnader uppn\u00e5dde integration mellan smarta byggnader och smarta eln\u00e4t genom anv\u00e4ndning av domOS Common Ontology (dCO), ett omfattande spr\u00e5k och informationsmodell f\u00f6r att formellt beskriva smarta byggnader samt sensorer, aktuatorer och resurser inom dem. Fokus \u00e4r p\u00e5 Energy Flexibility-modulen, som ut\u00f6kar den v\u00e4lk\u00e4nda SAREF4ENERGY-ontologin med energi-flexibilitetskoncept fr\u00e5n den prisbel\u00f6nta FlexOffer-modellen.<\/p>\n<\/div>\n\n\n\n<div class=\"wp-block-column is-layout-flow wp-block-column-is-layout-flow\">\n<iframe loading=\"lazy\" id=\"kmsembed-0_yw7hsl0r\" width=\"550\" height=\"366\" src=\"https:\/\/play.kth.se\/embed\/secure\/iframe\/entryId\/0_yw7hsl0r\/uiConfId\/23453971\/st\/0\" class=\"kmsembed\" allowfullscreen webkitallowfullscreen mozallowfullscreen allow=\"autoplay *; fullscreen *; encrypted-media *\" referrerpolicy=\"no-referrer-when-downgrade\" sandbox=\"allow-downloads allow-forms allow-same-origin allow-scripts allow-top-navigation allow-pointer-lock allow-popups allow-modals allow-orientation-lock allow-popups-to-escape-sandbox allow-presentation allow-top-navigation-by-user-activation\" frameborder=\"0\" title=\"Torben Bach Pedersen on Integrating Smart Buildings and Smart Grids using the domOS Common Ontology\"><\/iframe>\n\n\n\n<p>Spr\u00e5k: engelska<\/p>\n<\/div>\n<\/div>\n\n\n\n<div class=\"wp-block-columns alignwide has-accent-5-background-color has-background is-layout-flex wp-container-core-columns-is-layout-65e523f9 wp-block-columns-is-layout-flex\">\n<div class=\"wp-block-column is-layout-flow wp-block-column-is-layout-flow\">\n<h4 class=\"wp-block-heading\">Dig-It Lab Ontologiverkstad \u2013 Normalisering och \u00f6ppna standarder \u00e4r nyckeln till skalbarhet<\/h4>\n\n\n\n<p>2025-01-22<\/p>\n\n\n\n<p>Denna workshop om ontologier, digitalisering och standardisering inom fastighetsbranschen h\u00f6lls den 22 januari 2025. Flera representanter fr\u00e5n olika f\u00f6retag och organisationer deltog och presenterade sina projekt och id\u00e9er om hur man kan anv\u00e4nda ontologier och den semantiska webben f\u00f6r att effektivisera fastighetsf\u00f6rvaltning.<\/p>\n\n\n\n<p>Workshopen syftade till att \u00f6ka medvetenheten om vikten av ontologier, standardisering och samarbete f\u00f6r att fr\u00e4mja digitalisering inom fastighetssektorn. Diskussionerna ber\u00f6rde \u00e4ven den framtida potentialen hos AI-agenter och hur de kan bidra till att optimera fastighetsprestanda.<\/p>\n<\/div>\n\n\n\n<div class=\"wp-block-column is-layout-flow wp-block-column-is-layout-flow\">\n<iframe loading=\"lazy\" id=\"kmsembed-0_o536kxlb\" width=\"550\" height=\"366\" src=\"https:\/\/play.kth.se\/embed\/secure\/iframe\/entryId\/0_o536kxlb\/uiConfId\/23453971\/st\/0\" class=\"kmsembed\" allowfullscreen webkitallowfullscreen mozallowfullscreen allow=\"autoplay *; fullscreen *; encrypted-media *\" referrerpolicy=\"no-referrer-when-downgrade\" sandbox=\"allow-downloads allow-forms allow-same-origin allow-scripts allow-top-navigation allow-pointer-lock allow-popups allow-modals allow-orientation-lock allow-popups-to-escape-sandbox allow-presentation allow-top-navigation-by-user-activation\" frameborder=\"0\" title=\"Dig-It Lab Ontologi-verkstad - Normalisering och \u00f6ppna standarder \u00e4r nyckeln till skalbarhet - utan diskussioner\"><\/iframe>\n\n\n\n<p>Spr\u00e5k: svenska<\/p>\n<\/div>\n<\/div>\n\n\n\n<div class=\"wp-block-columns alignwide has-accent-5-background-color has-background is-layout-flex wp-container-core-columns-is-layout-65e523f9 wp-block-columns-is-layout-flex\">\n<div class=\"wp-block-column is-layout-flow wp-block-column-is-layout-flow\">\n<h4 class=\"wp-block-heading\">Till\u00e4mpningar av AI inom h\u00e5llbar Energiteknik<\/h4>\n\n\n\n<p>2024-11-13<\/p>\n\n\n\n<p id=\"block-fbfce90e-2b37-488b-8786-b63f70d14acf\">Denna f\u00f6rel\u00e4sning handlar om etiska aspekter av att anv\u00e4nda artificiell intelligens, f\u00f6rdelar, begr\u00e4nsningar och risker kopplade till AI. Den behandlar aktuella forsknings\u00e4mnen och utmaningar samt ger insikter i p\u00e5g\u00e5ende debatter och praktiska fr\u00e5gor. F\u00f6rel\u00e4sningen utforskar ocks\u00e5 hypen kring AI och belyser b\u00e5de dess potential och fallgropar.\u00a0<\/p>\n\n\n\n<p><strong>F\u00f6rel\u00e4sare: <\/strong>Alva Markelius \u00e4r doktorand och Cambridge Trust-stipendiat vid\u00a0Affective Intelligence and Robotics Laboratory (AFAR), Institutionen f\u00f6r datavetenskap, vid University of Cambridge. Hon \u00e4r mottagare av utm\u00e4rkelsen Top 100 Brilliant Women in AI Ethics\u2122 2024. Hon \u00e4r ocks\u00e5 ordf\u00f6rande f\u00f6r\u00a0Centre for Human Inspired AI\u00a0Early Career Community och studentrepresentant f\u00f6r\u00a0Better Images of AI.\u00a0<\/p>\n\n\n\n<p>F\u00f6rel\u00e4sningen \u00e4r en del av kursen \u201dAI Applications in Sustainable Energy Engineering\u201d (MJ2507). Kursen syftar till att ge studenterna kunskap om de centrala koncept som formar artificiell intelligens (AI) och dess till\u00e4mpningar inom h\u00e5llbar energiteknik. Med fokus p\u00e5 maskininl\u00e4rning (ML) f\u00e5r studenterna insikt i den grundl\u00e4ggande teorin och de algoritmer som formar ML-modeller, samt hur man v\u00e4ljer metod och data beroende p\u00e5 olika till\u00e4mpningar. Kursen introducerar \u00e4ven potentiella konsekvenser f\u00f6r energibranschen samt etiska aspekter av AI-anv\u00e4ndning.<\/p>\n\n\n\n<p id=\"block-fbfce90e-2b37-488b-8786-b63f70d14acf\"><strong>Kursansvarig <\/strong>Farzin Golzar<\/p>\n<\/div>\n\n\n\n<div class=\"wp-block-column is-layout-flow wp-block-column-is-layout-flow\">\n<iframe loading=\"lazy\" id=\"kmsembed-0_76kgxntc\" width=\"550\" height=\"366\" src=\"https:\/\/play.kth.se\/embed\/secure\/iframe\/entryId\/0_76kgxntc\/uiConfId\/23453971\/st\/0\" class=\"kmsembed\" allowfullscreen webkitallowfullscreen mozallowfullscreen allow=\"autoplay *; fullscreen *; encrypted-media *\" referrerpolicy=\"no-referrer-when-downgrade\" sandbox=\"allow-downloads allow-forms allow-same-origin allow-scripts allow-top-navigation allow-pointer-lock allow-popups allow-modals allow-orientation-lock allow-popups-to-escape-sandbox allow-presentation allow-top-navigation-by-user-activation\" frameborder=\"0\" title=\"MJ2507\"><\/iframe>\n\n\n\n<p>Spr\u00e5k: engelska<\/p>\n<\/div>\n<\/div>","protected":false},"excerpt":{"rendered":"<p>Our open lectures cover various research themes and provide accessible knowledge on a wide range of current, industry-relevant topics. See also our Diggin Discussions, a series of discussions with our [&hellip;]<\/p>","protected":false},"author":7,"featured_media":0,"parent":3000,"menu_order":0,"comment_status":"closed","ping_status":"closed","template":"","meta":{"_EventAllDay":false,"_EventTimezone":"","_EventStartDate":"","_EventEndDate":"","_EventStartDateUTC":"","_EventEndDateUTC":"","_EventShowMap":false,"_EventShowMapLink":false,"_EventURL":"","_EventCost":"","_EventCostDescription":"","_EventCurrencySymbol":"","_EventCurrencyCode":"","_EventCurrencyPosition":"","_EventDateTimeSeparator":"","_EventTimeRangeSeparator":"","_EventOrganizerID":[],"_EventVenueID":[],"_OrganizerEmail":"","_OrganizerPhone":"","_OrganizerWebsite":"","_VenueAddress":"","_VenueCity":"","_VenueCountry":"","_VenueProvince":"","_VenueState":"","_VenueZip":"","_VenuePhone":"","_VenueURL":"","_VenueStateProvince":"","_VenueLat":"","_VenueLng":"","_VenueShowMap":false,"_VenueShowMapLink":false,"footnotes":""},"class_list":["post-3064","page","type-page","status-publish","hentry"],"_links":{"self":[{"href":"https:\/\/www.digitlab.kth.se\/sv\/wp-json\/wp\/v2\/pages\/3064","targetHints":{"allow":["GET"]}}],"collection":[{"href":"https:\/\/www.digitlab.kth.se\/sv\/wp-json\/wp\/v2\/pages"}],"about":[{"href":"https:\/\/www.digitlab.kth.se\/sv\/wp-json\/wp\/v2\/types\/page"}],"author":[{"embeddable":true,"href":"https:\/\/www.digitlab.kth.se\/sv\/wp-json\/wp\/v2\/users\/7"}],"replies":[{"embeddable":true,"href":"https:\/\/www.digitlab.kth.se\/sv\/wp-json\/wp\/v2\/comments?post=3064"}],"version-history":[{"count":49,"href":"https:\/\/www.digitlab.kth.se\/sv\/wp-json\/wp\/v2\/pages\/3064\/revisions"}],"predecessor-version":[{"id":5164,"href":"https:\/\/www.digitlab.kth.se\/sv\/wp-json\/wp\/v2\/pages\/3064\/revisions\/5164"}],"up":[{"embeddable":true,"href":"https:\/\/www.digitlab.kth.se\/sv\/wp-json\/wp\/v2\/pages\/3000"}],"wp:attachment":[{"href":"https:\/\/www.digitlab.kth.se\/sv\/wp-json\/wp\/v2\/media?parent=3064"}],"curies":[{"name":"wp","href":"https:\/\/api.w.org\/{rel}","templated":true}]}}