{"id":4656,"date":"2025-09-28T20:27:13","date_gmt":"2025-09-28T18:27:13","guid":{"rendered":"https:\/\/www.digitlab.kth.se\/?page_id=4656"},"modified":"2026-03-07T17:05:38","modified_gmt":"2026-03-07T15:05:38","slug":"testbed-xn-en-snabbare-vag-till-smarta-byggnader","status":"publish","type":"page","link":"https:\/\/www.digitlab.kth.se\/sv\/testbed-xn-en-snabbare-vag-till-smarta-byggnader\/","title":{"rendered":"En snabbare v\u00e4g till smarta byggnader"},"content":{"rendered":"<div class=\"wp-block-columns alignfull has-contrast-color has-accent-5-background-color has-text-color has-background has-link-color wp-elements-92c2c641709217d2c9388f911286eacf is-layout-flex wp-container-core-columns-is-layout-5388246e wp-block-columns-is-layout-flex\" style=\"border-style:none;border-width:0px;border-radius:0px;margin-top:0;margin-bottom:0;padding-top:var(--wp--preset--spacing--10);padding-right:var(--wp--preset--spacing--50);padding-bottom:var(--wp--preset--spacing--10);padding-left:var(--wp--preset--spacing--50)\">\n<div class=\"wp-block-column has-global-padding is-content-justification-center is-layout-constrained wp-container-core-column-is-layout-fbd41b22 wp-block-column-is-layout-constrained\" style=\"padding-top:var(--wp--preset--spacing--10);padding-right:var(--wp--preset--spacing--10);padding-bottom:var(--wp--preset--spacing--10);padding-left:var(--wp--preset--spacing--10);flex-basis:40%\">\n<figure class=\"wp-block-image alignwide size-full has-custom-border\"><img loading=\"lazy\" decoding=\"async\" width=\"1600\" height=\"900\" src=\"\/wp-content\/uploads\/sites\/21\/2025\/09\/AdobeStock_1332769643_1600x900.jpg\" alt=\"\" class=\"wp-image-4806\" style=\"border-style:none;border-width:0px\" srcset=\"\/wp-content\/uploads\/sites\/21\/2025\/09\/AdobeStock_1332769643_1600x900.jpg 1600w, \/wp-content\/uploads\/sites\/21\/2025\/09\/AdobeStock_1332769643_1600x900-300x169.jpg 300w, \/wp-content\/uploads\/sites\/21\/2025\/09\/AdobeStock_1332769643_1600x900-1024x576.jpg 1024w, \/wp-content\/uploads\/sites\/21\/2025\/09\/AdobeStock_1332769643_1600x900-768x432.jpg 768w, \/wp-content\/uploads\/sites\/21\/2025\/09\/AdobeStock_1332769643_1600x900-1536x864.jpg 1536w, \/wp-content\/uploads\/sites\/21\/2025\/09\/AdobeStock_1332769643_1600x900-18x10.jpg 18w\" sizes=\"auto, (max-width: 1600px) 100vw, 1600px\" \/><\/figure>\n<\/div>\n\n\n\n<div class=\"wp-block-column is-vertically-aligned-center is-layout-flow wp-container-core-column-is-layout-69aa25c2 wp-block-column-is-layout-flow\" style=\"padding-top:var(--wp--preset--spacing--20);padding-bottom:var(--wp--preset--spacing--20)\">\n<p class=\"has-contrast-2-color has-text-color has-link-color has-large-font-size wp-elements-572a8b4186b14b6baa495b93f2d19669\">Testbed X<sup>n<\/sup> (TX<sup>n<\/sup>\u00e4r en innovativ samverkansplattform f\u00f6r test av nya digitala funktioner och tj\u00e4nster inom den byggda milj\u00f6n. Plattformen l\u00e4nkar samman avancerade mjukvaror och verktyg fr\u00e5n olika leverant\u00f6rer med syftet att \u00f6ka standardisering, reproducerbarhet och industrialisering.<\/p>\n<\/div>\n<\/div>\n\n\n\n<div class=\"wp-block-columns alignwide has-base-background-color has-background is-layout-flex wp-container-core-columns-is-layout-28f84493 wp-block-columns-is-layout-flex\">\n<div class=\"wp-block-column is-layout-flow wp-block-column-is-layout-flow\">\n<div class=\"wp-block-columns is-layout-flex wp-container-core-columns-is-layout-28f84493 wp-block-columns-is-layout-flex\">\n<div class=\"wp-block-column is-layout-flow wp-block-column-is-layout-flow\">\n<div class=\"wp-block-buttons is-layout-flex wp-block-buttons-is-layout-flex\">\n<div class=\"wp-block-button is-style-outline is-style-outline--1\"><a class=\"wp-block-button__link wp-element-button\" href=\"https:\/\/www.digitlab.kth.se\/testbed-xn-en-snabbare-vag-till-smarta-byggnader\/testbed-xn-the-framework\/\"><strong>Ramverket<\/strong><\/a><\/div>\n<\/div>\n<\/div>\n\n\n\n<div class=\"wp-block-column is-layout-flow wp-block-column-is-layout-flow\">\n<div class=\"wp-block-buttons is-layout-flex wp-block-buttons-is-layout-flex\">\n<div class=\"wp-block-button is-style-outline is-style-outline--2\"><a class=\"wp-block-button__link wp-element-button\" href=\"https:\/\/www.digitlab.kth.se\/testbed-xn-en-snabbare-vag-till-smarta-byggnader\/testbed-xn-resources\/\"><strong>Resurser<\/strong><\/a><\/div>\n<\/div>\n<\/div>\n<\/div>\n<\/div>\n\n\n\n<div class=\"wp-block-column is-layout-flow wp-block-column-is-layout-flow\">\n<div class=\"wp-block-columns is-layout-flex wp-container-core-columns-is-layout-28f84493 wp-block-columns-is-layout-flex\">\n<div class=\"wp-block-column is-layout-flow wp-block-column-is-layout-flow\">\n<div class=\"wp-block-buttons is-layout-flex wp-block-buttons-is-layout-flex\">\n<div class=\"wp-block-button is-style-outline is-style-outline--3\"><a class=\"wp-block-button__link wp-element-button\" href=\"https:\/\/www.digitlab.kth.se\/testbed-xn-en-snabbare-vag-till-smarta-byggnader\/testbed-xn-user-cases\/\"><strong>Anv\u00e4ndarexempel<\/strong><\/a><\/div>\n<\/div>\n<\/div>\n\n\n\n<div class=\"wp-block-column is-layout-flow wp-block-column-is-layout-flow\">\n<div class=\"wp-block-buttons is-layout-flex wp-block-buttons-is-layout-flex\"><\/div>\n<\/div>\n<\/div>\n<\/div>\n<\/div>\n\n\n\n<div class=\"wp-block-columns alignwide has-accent-4-background-color has-background is-layout-flex wp-container-core-columns-is-layout-28f84493 wp-block-columns-is-layout-flex\">\n<div class=\"wp-block-column is-layout-flow wp-block-column-is-layout-flow\">\n<h2 class=\"wp-block-heading\">Med Testbed Xn<sup>n<\/sup>blir visioner till resultat<\/h2>\n\n\n\n<div class=\"wp-block-columns is-layout-flex wp-container-core-columns-is-layout-28f84493 wp-block-columns-is-layout-flex\">\n<div class=\"wp-block-column is-layout-flow wp-block-column-is-layout-flow\" style=\"flex-basis:33.33%\">\n<figure class=\"wp-block-image size-large\"><img loading=\"lazy\" decoding=\"async\" width=\"1024\" height=\"685\" src=\"\/wp-content\/uploads\/sites\/21\/2025\/06\/etienne-beauregard-riverin-B0aCvAVSX8E-unsplash-1024x685.jpg\" alt=\"\" class=\"wp-image-4508\" srcset=\"\/wp-content\/uploads\/sites\/21\/2025\/06\/etienne-beauregard-riverin-B0aCvAVSX8E-unsplash-1024x685.jpg 1024w, \/wp-content\/uploads\/sites\/21\/2025\/06\/etienne-beauregard-riverin-B0aCvAVSX8E-unsplash-300x201.jpg 300w, \/wp-content\/uploads\/sites\/21\/2025\/06\/etienne-beauregard-riverin-B0aCvAVSX8E-unsplash-768x514.jpg 768w, \/wp-content\/uploads\/sites\/21\/2025\/06\/etienne-beauregard-riverin-B0aCvAVSX8E-unsplash-1536x1028.jpg 1536w, \/wp-content\/uploads\/sites\/21\/2025\/06\/etienne-beauregard-riverin-B0aCvAVSX8E-unsplash-2048x1371.jpg 2048w, \/wp-content\/uploads\/sites\/21\/2025\/06\/etienne-beauregard-riverin-B0aCvAVSX8E-unsplash-18x12.jpg 18w\" sizes=\"auto, (max-width: 1024px) 100vw, 1024px\" \/><\/figure>\n<\/div>\n\n\n\n<div class=\"wp-block-column is-layout-flow wp-block-column-is-layout-flow\" style=\"flex-basis:66.66%\">\n<p>Genom en kombination av experiment, skalbarhet och m\u00e4tbarhet f\u00f6rvandlas strategiska m\u00e5l till konkreta framsteg. Det modul\u00e4ra uppl\u00e4gget g\u00f6r det enkelt f\u00f6r varje partner att bidra d\u00e4r deras styrkor g\u00f6r st\u00f6rst skillnad \u2013 fr\u00e5n id\u00e9 till implementering.<\/p>\n\n\n\n<p>Testb\u00e4dden ger snabb och kostnadseffektiv \u00e5tkomst till data fr\u00e5n olika system, f\u00f6r b\u00e5de utvecklare och forskare. Den fungerar ocks\u00e5 som en samverkansplattform d\u00e4r branschen kan utveckla, j\u00e4mf\u00f6ra och enas kring standarder och ben\u00e4mningar. Testbed X kopplar samman dataaggregerings- och integrationsplattformar, applikationer f\u00f6r smarta byggnader, byggnadsautomationssystem samt data fr\u00e5n olika maskiner och utrustning i byggnaden.<sup>n<\/sup> connects data aggregation and integration platforms, smart building applications, building automation systems, and data from various machinery and equipment within the building.<\/p>\n\n\n\n<div class=\"wp-block-buttons is-layout-flex wp-block-buttons-is-layout-flex\">\n<div class=\"wp-block-button is-style-outline is-style-outline--4\"><a class=\"wp-block-button__link wp-element-button\" href=\"https:\/\/www.digitlab.kth.se\/testbed-xn-en-snabbare-vag-till-smarta-byggnader\/testbed-xn-the-framework\/\"><strong>Ramverket<\/strong><\/a><\/div>\n<\/div>\n<\/div>\n<\/div>\n<\/div>\n<\/div>\n\n\n\n<div class=\"wp-block-columns alignwide has-accent-4-background-color has-background is-layout-flex wp-container-core-columns-is-layout-28f84493 wp-block-columns-is-layout-flex\">\n<div class=\"wp-block-column is-layout-flow wp-block-column-is-layout-flow\">\n<h2 class=\"wp-block-heading\">Anv\u00e4ndarexempel<\/h2>\n\n\n\n<div class=\"wp-block-columns is-layout-flex wp-container-core-columns-is-layout-28f84493 wp-block-columns-is-layout-flex\">\n<div class=\"wp-block-column is-layout-flow wp-block-column-is-layout-flow\" style=\"flex-basis:33.33%\">\n<figure class=\"wp-block-image size-full\"><img loading=\"lazy\" decoding=\"async\" width=\"667\" height=\"750\" src=\"\/wp-content\/uploads\/sites\/21\/2025\/09\/org-resp-pic.webp\" alt=\"\" class=\"wp-image-4812\" srcset=\"\/wp-content\/uploads\/sites\/21\/2025\/09\/org-resp-pic.webp 667w, \/wp-content\/uploads\/sites\/21\/2025\/09\/org-resp-pic-267x300.webp 267w, \/wp-content\/uploads\/sites\/21\/2025\/09\/org-resp-pic-11x12.webp 11w\" sizes=\"auto, (max-width: 667px) 100vw, 667px\" \/><\/figure>\n<\/div>\n\n\n\n<div class=\"wp-block-column is-layout-flow wp-block-column-is-layout-flow\" style=\"flex-basis:66.66%\">\n<h3 class=\"wp-block-heading\">Real Estate Core, datadelning och tj\u00e4nster<\/h3>\n\n\n\n<p>Fagerhult Group leder ett av de f\u00f6rsta scenarierna inom TXn<sup>n<\/sup>, d\u00e4r smart belysning integreras med molnplattformar och gemensamma datastandarder. Resultatet \u00e4r nya m\u00f6jligheter f\u00f6r automation och energieffektivisering \u2013 exempelvis att styra HVAC med n\u00e4rvarodata fr\u00e5n belysning.<\/p>\n\n\n\n<p>Det bygger p\u00e5 Real Estate Core (REC) edge-gr\u00e4nssnitt som m\u00f6jligg\u00f6r s\u00f6ml\u00f6s datadelning mellan smarta belysningssystem och ProptechOS-plattformen.<\/p>\n\n\n\n<h3 class=\"wp-block-heading\">H\u00f6jdpunkter<\/h3>\n\n\n\n<p><strong>Smarta sensorer <\/strong>\u2013 N\u00e4rvarodetektering &amp; omgivningsljus i armaturer<\/p>\n\n\n\n<p><strong>Edge Processing<\/strong> \u2013\u00a0Wirepas mesh-n\u00e4tverk &amp; REC edge-modul<\/p>\n\n\n\n<p><strong>Molnintegration<\/strong> \u2013 ProptechOS-plattform via Azure IoT Hub<\/p>\n\n\n\n<p><strong>Systemoptimisering<\/strong> \u2013 HVAC-styrning med hj\u00e4lp av belysningens n\u00e4rvarodata<\/p>\n\n\n\n<div class=\"wp-block-buttons is-layout-flex wp-block-buttons-is-layout-flex\">\n<div class=\"wp-block-button is-style-outline is-style-outline--5\"><a class=\"wp-block-button__link wp-element-button\" href=\"https:\/\/www.digitlab.kth.se\/testbed-xn-en-snabbare-vag-till-smarta-byggnader\/testbed-xn-user-cases\/\"><strong>Anv\u00e4ndarexempel<\/strong><\/a><\/div>\n<\/div>\n<\/div>\n<\/div>\n<\/div>\n<\/div>\n\n\n\n<div class=\"wp-block-columns alignwide has-base-background-color has-background is-layout-flex wp-container-core-columns-is-layout-28f84493 wp-block-columns-is-layout-flex\">\n<div class=\"wp-block-column is-layout-flow wp-block-column-is-layout-flow\">\n<h2 class=\"wp-block-heading\"><strong>Resurser<\/strong><\/h2>\n\n\n\n<div class=\"wp-block-columns is-layout-flex wp-container-core-columns-is-layout-28f84493 wp-block-columns-is-layout-flex\">\n<div class=\"wp-block-column is-layout-flow wp-block-column-is-layout-flow\" style=\"flex-basis:33.33%\">\n<figure class=\"wp-block-image size-large\"><img loading=\"lazy\" decoding=\"async\" width=\"1024\" height=\"187\" src=\"\/wp-content\/uploads\/sites\/21\/2025\/09\/proptech-logo-1024x187.jpg\" alt=\"proptech logo\" class=\"wp-image-4776\" srcset=\"\/wp-content\/uploads\/sites\/21\/2025\/09\/proptech-logo-1024x187.jpg 1024w, \/wp-content\/uploads\/sites\/21\/2025\/09\/proptech-logo-300x55.jpg 300w, \/wp-content\/uploads\/sites\/21\/2025\/09\/proptech-logo-768x140.jpg 768w, \/wp-content\/uploads\/sites\/21\/2025\/09\/proptech-logo-18x3.jpg 18w, \/wp-content\/uploads\/sites\/21\/2025\/09\/proptech-logo.jpg 1400w\" sizes=\"auto, (max-width: 1024px) 100vw, 1024px\" \/><\/figure>\n<\/div>\n\n\n\n<div class=\"wp-block-column is-layout-flow wp-block-column-is-layout-flow\" style=\"flex-basis:66.66%\">\n<p><strong>ProptechOS<\/strong> \u2013 Mjukvarul\u00f6sningar f\u00f6r smarta byggnader:<br><a href=\"https:\/\/proptechos.com\/digitlab-kth\/\">proptechos.com\/digitlab-kth\/<\/a><\/p>\n\n\n\n<div class=\"wp-block-buttons is-layout-flex wp-block-buttons-is-layout-flex\">\n<div class=\"wp-block-button is-style-outline is-style-outline--6\"><a class=\"wp-block-button__link wp-element-button\" href=\"https:\/\/www.digitlab.kth.se\/testbed-xn-en-snabbare-vag-till-smarta-byggnader\/testbed-xn-resources\/\"><strong>Resurser<\/strong><\/a><\/div>\n<\/div>\n<\/div>\n<\/div>\n\n\n\n<div class=\"wp-block-columns is-layout-flex wp-container-core-columns-is-layout-28f84493 wp-block-columns-is-layout-flex\">\n<div class=\"wp-block-column is-layout-flow wp-block-column-is-layout-flow\" style=\"flex-basis:33.33%\">\n<figure class=\"wp-block-image size-full\"><img loading=\"lazy\" decoding=\"async\" width=\"475\" height=\"106\" src=\"\/wp-content\/uploads\/sites\/21\/2025\/09\/download.png\" alt=\"\" class=\"wp-image-4842\" srcset=\"\/wp-content\/uploads\/sites\/21\/2025\/09\/download.png 475w, \/wp-content\/uploads\/sites\/21\/2025\/09\/download-300x67.png 300w, \/wp-content\/uploads\/sites\/21\/2025\/09\/download-18x4.png 18w\" sizes=\"auto, (max-width: 475px) 100vw, 475px\" \/><\/figure>\n<\/div>\n\n\n\n<div class=\"wp-block-column is-layout-flow wp-block-column-is-layout-flow\" style=\"flex-basis:66.66%\">\n<p><strong>Swegon 720<\/strong> \u2013 INSIDE visualiseringar f\u00f6r Living Labs: <a href=\"http:\/\/d.720.io\/xvstzvkg\">http:\/\/d.720.io\/xvstzvkg<\/a> ()<\/p>\n\n\n\n<div class=\"wp-block-buttons is-layout-flex wp-block-buttons-is-layout-flex\">\n<div class=\"wp-block-button is-style-outline is-style-outline--7\"><a class=\"wp-block-button__link wp-element-button\" href=\"https:\/\/www.digitlab.kth.se\/testbed-xn-en-snabbare-vag-till-smarta-byggnader\/testbed-xn-resources\/\"><strong>Resurser<\/strong><\/a><\/div>\n<\/div>\n<\/div>\n<\/div>\n<\/div>\n<\/div>\n\n\n\n<div style=\"height:19px\" aria-hidden=\"true\" class=\"wp-block-spacer\"><\/div>\n\n\n\n<div class=\"wp-block-columns alignwide has-accent-5-background-color has-background is-layout-flex wp-container-core-columns-is-layout-28f84493 wp-block-columns-is-layout-flex\">\n<div class=\"wp-block-column is-layout-flow wp-block-column-is-layout-flow\">\n<h2 class=\"wp-block-heading\"><strong><strong>Redo att starta ditt n\u00e4sta projekt?<\/strong><\/strong><\/h2>\n\n\n\n<div class=\"wp-block-columns is-layout-flex wp-container-core-columns-is-layout-28f84493 wp-block-columns-is-layout-flex\">\n<div class=\"wp-block-column is-layout-flow wp-block-column-is-layout-flow\">\n<h3 class=\"wp-block-heading\">Ans\u00f6k om att starta ett projekt<\/h3>\n\n\n\n<p>Testbed X<sup>n<\/sup> Testbed X \u00e4r \u00f6ppen f\u00f6r alla slags projekt inom digitalisering som bidrar till en mer h\u00e5llbar samh\u00e4llsbyggnadssektor, men projekten v\u00e4ljs efter relevans och kompatibilitet. <\/p>\n\n\n\n<p>Anv\u00e4nd formul\u00e4let f\u00f6r att anm\u00e4la intresse (KTH-formul\u00e4r):<\/p>\n\n\n\n<div class=\"wp-block-buttons is-layout-flex wp-block-buttons-is-layout-flex\">\n<div class=\"wp-block-button is-style-outline is-style-outline--8\"><a class=\"wp-block-button__link wp-element-button\" href=\"https:\/\/www.kth.se\/form\/68d66af246f5d234ebff344e?l=sv\">Tillg\u00e5ng till Testbed Xn<\/a><\/div>\n<\/div>\n<\/div>\n\n\n\n<div class=\"wp-block-column is-layout-flow wp-block-column-is-layout-flow\">\n<h3 class=\"wp-block-heading\">Kickstarta din innovationsresa med TX<sup>n<\/sup>\u2013 mallarma<\/h3>\n\n\n\n<p>Ramverket inkluderar f\u00e4rdiga mallar f\u00f6r varje steg, fr\u00e5n koncept till implementering. Med dem f\u00e5r du ett smidigt och effektivt st\u00f6d hela v\u00e4gen fr\u00e5n vision till verklighet.<\/p>\n<\/div>\n<\/div>\n<\/div>\n<\/div>\n\n\n\n<div class=\"wp-block-columns alignwide has-accent-5-background-color has-background is-layout-flex wp-container-core-columns-is-layout-28f84493 wp-block-columns-is-layout-flex\">\n<div class=\"wp-block-column is-layout-flow wp-block-column-is-layout-flow\">\n<h2 class=\"wp-block-heading\"><strong><strong>Vill du veta mer?<\/strong><\/strong><\/h2>\n\n\n\n<h4 class=\"wp-block-heading\">F\u00f6r fr\u00e5gor kontakta:<\/h4>\n\n\n\n<div class=\"wp-block-columns is-layout-flex wp-container-core-columns-is-layout-28f84493 wp-block-columns-is-layout-flex\">\n<div class=\"wp-block-column is-layout-flow wp-block-column-is-layout-flow\">\n<p><strong><strong><strong>Rafael Rafael Gom\u00e9z Garcia<\/strong><\/strong><\/strong><br>Dig-IT Lab and Testbed<br><a href=\"mailto:javogel@kth.se\">rafael.gomez.garcia@ri.se<\/a><br><a href=\"https:\/\/www.kth.se\/profile\/jonanu07\" target=\"_blank\" rel=\"noreferrer noopener\">Profile<\/a><\/p>\n<\/div>\n\n\n\n<div class=\"wp-block-column is-layout-flow wp-block-column-is-layout-flow\"><\/div>\n\n\n\n<div class=\"wp-block-column is-layout-flow wp-block-column-is-layout-flow\"><\/div>\n<\/div>\n<\/div>\n<\/div>","protected":false},"excerpt":{"rendered":"<p>Testbed Xn (TXn) is an innovative collaborative platform for testing new digital functions and services within the built environment. The platform links advanced software and tools from various providers to [&hellip;]<\/p>","protected":false},"author":7,"featured_media":0,"parent":0,"menu_order":0,"comment_status":"closed","ping_status":"closed","template":"","meta":{"_EventAllDay":false,"_EventTimezone":"","_EventStartDate":"","_EventEndDate":"","_EventStartDateUTC":"","_EventEndDateUTC":"","_EventShowMap":false,"_EventShowMapLink":false,"_EventURL":"","_EventCost":"","_EventCostDescription":"","_EventCurrencySymbol":"","_EventCurrencyCode":"","_EventCurrencyPosition":"","_EventDateTimeSeparator":"","_EventTimeRangeSeparator":"","_EventOrganizerID":[],"_EventVenueID":[],"_OrganizerEmail":"","_OrganizerPhone":"","_OrganizerWebsite":"","_VenueAddress":"","_VenueCity":"","_VenueCountry":"","_VenueProvince":"","_VenueState":"","_VenueZip":"","_VenuePhone":"","_VenueURL":"","_VenueStateProvince":"","_VenueLat":"","_VenueLng":"","_VenueShowMap":false,"_VenueShowMapLink":false,"footnotes":""},"class_list":["post-4656","page","type-page","status-publish","hentry"],"_links":{"self":[{"href":"https:\/\/www.digitlab.kth.se\/sv\/wp-json\/wp\/v2\/pages\/4656","targetHints":{"allow":["GET"]}}],"collection":[{"href":"https:\/\/www.digitlab.kth.se\/sv\/wp-json\/wp\/v2\/pages"}],"about":[{"href":"https:\/\/www.digitlab.kth.se\/sv\/wp-json\/wp\/v2\/types\/page"}],"author":[{"embeddable":true,"href":"https:\/\/www.digitlab.kth.se\/sv\/wp-json\/wp\/v2\/users\/7"}],"replies":[{"embeddable":true,"href":"https:\/\/www.digitlab.kth.se\/sv\/wp-json\/wp\/v2\/comments?post=4656"}],"version-history":[{"count":132,"href":"https:\/\/www.digitlab.kth.se\/sv\/wp-json\/wp\/v2\/pages\/4656\/revisions"}],"predecessor-version":[{"id":5452,"href":"https:\/\/www.digitlab.kth.se\/sv\/wp-json\/wp\/v2\/pages\/4656\/revisions\/5452"}],"wp:attachment":[{"href":"https:\/\/www.digitlab.kth.se\/sv\/wp-json\/wp\/v2\/media?parent=4656"}],"curies":[{"name":"wp","href":"https:\/\/api.w.org\/{rel}","templated":true}]}}